{"id":2679,"date":"2020-10-13T06:14:51","date_gmt":"2020-10-13T06:14:51","guid":{"rendered":"https:\/\/innovenit.com\/site\/?page_id=2679"},"modified":"2021-10-12T22:11:01","modified_gmt":"2021-10-12T22:11:01","slug":"quienes-somos","status":"publish","type":"page","link":"https:\/\/innovenit.com\/site\/quienes-somos\/","title":{"rendered":"Quienes Somos"},"content":{"rendered":"\t\t<div data-elementor-type=\"wp-page\" data-elementor-id=\"2679\" class=\"elementor elementor-2679\">\n\t\t\t\t\t\t<section class=\"elementor-section elementor-top-section elementor-element elementor-element-8e35390 elementor-section-boxed elementor-section-height-default elementor-section-height-default elementor-invisible\" data-id=\"8e35390\" data-element_type=\"section\" data-settings=\"{&quot;animation&quot;:&quot;fadeInUp&quot;}\">\n\t\t\t\t\t\t<div class=\"elementor-container elementor-column-gap-default\">\n\t\t\t\t\t<div class=\"elementor-column elementor-col-50 elementor-top-column elementor-element elementor-element-f69bf66\" data-id=\"f69bf66\" data-element_type=\"column\">\n\t\t\t<div class=\"elementor-widget-wrap elementor-element-populated\">\n\t\t\t\t\t\t<div class=\"elementor-element elementor-element-f873fd5 elementor-widget elementor-widget-image\" data-id=\"f873fd5\" data-element_type=\"widget\" data-widget_type=\"image.default\">\n\t\t\t\t<div class=\"elementor-widget-container\">\n\t\t\t\t\t\t\t\t\t\t\t\t\t\t\t<img fetchpriority=\"high\" decoding=\"async\" width=\"636\" height=\"411\" src=\"https:\/\/innovenit.com\/site\/wp-content\/uploads\/2021\/10\/Parquecentral3.jpg\" class=\"attachment-large size-large wp-image-47553\" alt=\"\" srcset=\"https:\/\/innovenit.com\/site\/wp-content\/uploads\/2021\/10\/Parquecentral3.jpg 636w, https:\/\/innovenit.com\/site\/wp-content\/uploads\/2021\/10\/Parquecentral3-300x194.jpg 300w, https:\/\/innovenit.com\/site\/wp-content\/uploads\/2021\/10\/Parquecentral3-600x388.jpg 600w\" sizes=\"(max-width: 636px) 100vw, 636px\" \/>\t\t\t\t\t\t\t\t\t\t\t\t\t\t\t<\/div>\n\t\t\t\t<\/div>\n\t\t\t\t\t<\/div>\n\t\t<\/div>\n\t\t\t\t<div class=\"elementor-column elementor-col-50 elementor-top-column elementor-element elementor-element-a1b9e3b\" data-id=\"a1b9e3b\" data-element_type=\"column\">\n\t\t\t<div class=\"elementor-widget-wrap elementor-element-populated\">\n\t\t\t\t\t\t<div class=\"elementor-element elementor-element-c49e606 elementor-invisible elementor-widget elementor-widget-heading\" data-id=\"c49e606\" data-element_type=\"widget\" data-settings=\"{&quot;_animation&quot;:&quot;fadeInUp&quot;,&quot;_animation_delay&quot;:400}\" data-widget_type=\"heading.default\">\n\t\t\t\t<div class=\"elementor-widget-container\">\n\t\t\t\t\t<h3 class=\"elementor-heading-title elementor-size-default\">Nuestra compa\u00f1ia<\/h3>\t\t\t\t<\/div>\n\t\t\t\t<\/div>\n\t\t\t\t<div class=\"elementor-element elementor-element-a3c913f elementor-widget elementor-widget-text-editor\" data-id=\"a3c913f\" data-element_type=\"widget\" data-widget_type=\"text-editor.default\">\n\t\t\t\t<div class=\"elementor-widget-container\">\n\t\t\t\t\t\t\t\t\t<p style=\"text-align: justify;\"><span style=\"font-weight: 400;\">Es una organizaci\u00f3n especializada en Tecnolog\u00eda de la Informaci\u00f3n, orientada al mercado Venezolano y la regi\u00f3n Andina, con alta capacidad en el manejo de proyectos tecnol\u00f3gicos, utilizando la \u00faltima tecnolog\u00eda desarrollada.<\/span><\/p><p>\u00a0<\/p><p style=\"text-align: justify;\"><span style=\"font-weight: 400;\">Nuestro equipo profesional est\u00e1 avalado por experiencia de m\u00e1s de 14 a\u00f1os, desarrollando su experticia en \u00e1reas fundamentales de la tecnolog\u00eda.<\/span><\/p><p>\u00a0<\/p><p style=\"text-align: justify;\"><span style=\"font-weight: 400;\">Organizaciones de reconocida trayectoria en el pa\u00eds y la Regi\u00f3n Andina, nos acreditan resultados exitosos en proyectos que hacen mas competitivos en el mercado a nuestros clientes.<\/span><\/p>\t\t\t\t\t\t\t\t<\/div>\n\t\t\t\t<\/div>\n\t\t\t\t\t<\/div>\n\t\t<\/div>\n\t\t\t\t\t<\/div>\n\t\t<\/section>\n\t\t\t\t<section class=\"elementor-section elementor-top-section elementor-element elementor-element-df317a0 elementor-section-boxed elementor-section-height-default elementor-section-height-default elementor-invisible\" data-id=\"df317a0\" data-element_type=\"section\" data-settings=\"{&quot;animation&quot;:&quot;fadeInUp&quot;}\">\n\t\t\t\t\t\t<div class=\"elementor-container elementor-column-gap-default\">\n\t\t\t\t\t<div class=\"elementor-column elementor-col-100 elementor-top-column elementor-element elementor-element-1874293\" data-id=\"1874293\" data-element_type=\"column\">\n\t\t\t<div class=\"elementor-widget-wrap elementor-element-populated\">\n\t\t\t\t\t\t<div class=\"elementor-element elementor-element-16570d2 rt-hollow-circle move-icon-sidewise elementor-vertical-align-top elementor-invisible elementor-widget elementor-widget-image-box\" data-id=\"16570d2\" data-element_type=\"widget\" data-settings=\"{&quot;_animation&quot;:&quot;fadeInLeft&quot;,&quot;_animation_delay&quot;:800}\" data-widget_type=\"image-box.default\">\n\t\t\t\t<div class=\"elementor-widget-container\">\n\t\t\t\t\t<div class=\"elementor-image-box-wrapper\"><div class=\"elementor-image-box-content\"><h3 class=\"elementor-image-box-title\">\u00bfPor qu\u00e9 innovenit?<\/h3><p class=\"elementor-image-box-description\">El programa de Atenci\u00f3n Infraestructura Tecnol\u00f3gica, una de nuestras principales fortalezas<br>\npara garantizar la operatividad y continuidad de negocio de nuestros clientes.<\/p><\/div><\/div>\t\t\t\t<\/div>\n\t\t\t\t<\/div>\n\t\t\t\t\t<\/div>\n\t\t<\/div>\n\t\t\t\t\t<\/div>\n\t\t<\/section>\n\t\t\t\t<section class=\"elementor-section elementor-top-section elementor-element elementor-element-fd801ea elementor-section-stretched elementor-section-boxed elementor-section-height-default elementor-section-height-default\" data-id=\"fd801ea\" data-element_type=\"section\" data-settings=\"{&quot;stretch_section&quot;:&quot;section-stretched&quot;,&quot;background_background&quot;:&quot;classic&quot;}\">\n\t\t\t\t\t\t\t<div class=\"elementor-background-overlay\"><\/div>\n\t\t\t\t\t\t\t<div class=\"elementor-container elementor-column-gap-default\">\n\t\t\t\t\t<div class=\"elementor-column elementor-col-100 elementor-top-column elementor-element elementor-element-48be9dd\" data-id=\"48be9dd\" data-element_type=\"column\">\n\t\t\t<div class=\"elementor-widget-wrap elementor-element-populated\">\n\t\t\t\t\t\t<section class=\"elementor-section elementor-inner-section elementor-element elementor-element-a63f262 radiantthemes-retina elementor-section-boxed elementor-section-height-default elementor-section-height-default\" data-id=\"a63f262\" data-element_type=\"section\">\n\t\t\t\t\t\t<div class=\"elementor-container elementor-column-gap-default\">\n\t\t\t\t\t<div class=\"elementor-column elementor-col-20 elementor-inner-column elementor-element elementor-element-d90b671 elementor-invisible\" data-id=\"d90b671\" data-element_type=\"column\" data-settings=\"{&quot;background_background&quot;:&quot;classic&quot;,&quot;animation&quot;:&quot;fadeInDown&quot;,&quot;animation_delay&quot;:200}\">\n\t\t\t<div class=\"elementor-widget-wrap elementor-element-populated\">\n\t\t\t\t\t\t<div class=\"elementor-element elementor-element-f3685b1 elementor-position-left home-two-hover-box elementor-vertical-align-top elementor-widget elementor-widget-image-box\" data-id=\"f3685b1\" data-element_type=\"widget\" data-widget_type=\"image-box.default\">\n\t\t\t\t<div class=\"elementor-widget-container\">\n\t\t\t\t\t<div class=\"elementor-image-box-wrapper\"><figure class=\"elementor-image-box-img\"><img decoding=\"async\" width=\"100\" height=\"100\" src=\"https:\/\/innovenit.com\/site\/wp-content\/uploads\/2020\/10\/Highly-Customizable.png\" class=\"attachment-full size-full wp-image-4142\" alt=\"Highly-Customizable\" \/><\/figure><div class=\"elementor-image-box-content\"><h6 class=\"elementor-image-box-title\">Nuestros clientes<\/h6><p class=\"elementor-image-box-description\">Nos seleccionan por nuestra experiencia y conocimiento, por\nnuestra oferta multicanal, por nuestros servicios y soluciones digitales, que\naportan nuevos valores para que las empresas puedan aumentar el\nvalor de sus productos y servicios.<\/p><\/div><\/div>\t\t\t\t<\/div>\n\t\t\t\t<\/div>\n\t\t\t\t\t<\/div>\n\t\t<\/div>\n\t\t\t\t<div class=\"elementor-column elementor-col-20 elementor-inner-column elementor-element elementor-element-799c66a\" data-id=\"799c66a\" data-element_type=\"column\" data-settings=\"{&quot;background_background&quot;:&quot;classic&quot;}\">\n\t\t\t<div class=\"elementor-widget-wrap\">\n\t\t\t\t\t\t\t<\/div>\n\t\t<\/div>\n\t\t\t\t<div class=\"elementor-column elementor-col-20 elementor-inner-column elementor-element elementor-element-f8e428e elementor-invisible\" data-id=\"f8e428e\" data-element_type=\"column\" data-settings=\"{&quot;background_background&quot;:&quot;classic&quot;,&quot;animation&quot;:&quot;fadeInUp&quot;,&quot;animation_delay&quot;:400}\">\n\t\t\t<div class=\"elementor-widget-wrap elementor-element-populated\">\n\t\t\t\t\t\t<div class=\"elementor-element elementor-element-41edc15 elementor-position-left home-two-hover-box elementor-vertical-align-top elementor-widget elementor-widget-image-box\" data-id=\"41edc15\" data-element_type=\"widget\" data-widget_type=\"image-box.default\">\n\t\t\t\t<div class=\"elementor-widget-container\">\n\t\t\t\t\t<div class=\"elementor-image-box-wrapper\"><figure class=\"elementor-image-box-img\"><img decoding=\"async\" width=\"100\" height=\"100\" src=\"https:\/\/innovenit.com\/site\/wp-content\/uploads\/2020\/10\/Content-Strategy-1.png\" class=\"attachment-full size-full wp-image-4140\" alt=\"Content-Strategy\" \/><\/figure><div class=\"elementor-image-box-content\"><h6 class=\"elementor-image-box-title\">Mayor satisfacci\u00f3n<\/h6><p class=\"elementor-image-box-description\">De los trabajadores y empleados\u00a0gracias a un mayor\ncompromiso y participaci\u00f3n, aumento de la eficiencia y productividad, as\u00ed como\nal desarrollo de sus competencias y conocimientos.<\/p><\/div><\/div>\t\t\t\t<\/div>\n\t\t\t\t<\/div>\n\t\t\t\t\t<\/div>\n\t\t<\/div>\n\t\t\t\t<div class=\"elementor-column elementor-col-20 elementor-inner-column elementor-element elementor-element-535196a\" data-id=\"535196a\" data-element_type=\"column\" data-settings=\"{&quot;background_background&quot;:&quot;classic&quot;}\">\n\t\t\t<div class=\"elementor-widget-wrap\">\n\t\t\t\t\t\t\t<\/div>\n\t\t<\/div>\n\t\t\t\t<div class=\"elementor-column elementor-col-20 elementor-inner-column elementor-element elementor-element-d226e38 elementor-invisible\" data-id=\"d226e38\" data-element_type=\"column\" data-settings=\"{&quot;background_background&quot;:&quot;classic&quot;,&quot;animation&quot;:&quot;fadeInDown&quot;,&quot;animation_delay&quot;:600}\">\n\t\t\t<div class=\"elementor-widget-wrap elementor-element-populated\">\n\t\t\t\t\t\t<div class=\"elementor-element elementor-element-e3ad68c elementor-position-left home-two-hover-box elementor-vertical-align-top elementor-widget elementor-widget-image-box\" data-id=\"e3ad68c\" data-element_type=\"widget\" data-widget_type=\"image-box.default\">\n\t\t\t\t<div class=\"elementor-widget-container\">\n\t\t\t\t\t<div class=\"elementor-image-box-wrapper\"><figure class=\"elementor-image-box-img\"><img loading=\"lazy\" decoding=\"async\" width=\"100\" height=\"100\" src=\"https:\/\/innovenit.com\/site\/wp-content\/uploads\/2020\/10\/Technology-1.png\" class=\"attachment-full size-full wp-image-4144\" alt=\"Technology\" \/><\/figure><div class=\"elementor-image-box-content\"><h6 class=\"elementor-image-box-title\">Aumento de satisfacci\u00f3n<\/h6><p class=\"elementor-image-box-description\">Satisfacci\u00f3n de clientes, gracias a la posibilidad de interactuar\ncon la organizaci\u00f3n de un modo m\u00e1s sencillo, \u00e1gil y eficaz, y recibir mejor\nrespuesta antes, durante y despu\u00e9s del proceso de compra de nuestros servicios\ny soluciones que tenemos en la empresa.<\/p><\/div><\/div>\t\t\t\t<\/div>\n\t\t\t\t<\/div>\n\t\t\t\t\t<\/div>\n\t\t<\/div>\n\t\t\t\t\t<\/div>\n\t\t<\/section>\n\t\t\t\t<section class=\"elementor-section elementor-inner-section elementor-element elementor-element-fc0720a elementor-section-boxed elementor-section-height-default elementor-section-height-default\" data-id=\"fc0720a\" data-element_type=\"section\">\n\t\t\t\t\t\t<div class=\"elementor-container elementor-column-gap-default\">\n\t\t\t\t\t<div class=\"elementor-column elementor-col-33 elementor-inner-column elementor-element elementor-element-00114c4\" data-id=\"00114c4\" data-element_type=\"column\">\n\t\t\t<div class=\"elementor-widget-wrap elementor-element-populated\">\n\t\t\t\t\t\t<div class=\"elementor-element elementor-element-7579602 elementor-invisible elementor-widget elementor-widget-heading\" data-id=\"7579602\" data-element_type=\"widget\" data-settings=\"{&quot;_animation&quot;:&quot;fadeInUp&quot;,&quot;_animation_delay&quot;:200}\" data-widget_type=\"heading.default\">\n\t\t\t\t<div class=\"elementor-widget-container\">\n\t\t\t\t\t<h6 class=\"elementor-heading-title elementor-size-default\">Nuestra visi\u00f3n<\/h6>\t\t\t\t<\/div>\n\t\t\t\t<\/div>\n\t\t\t\t<div class=\"elementor-element elementor-element-99187ec elementor-invisible elementor-widget elementor-widget-heading\" data-id=\"99187ec\" data-element_type=\"widget\" data-settings=\"{&quot;_animation&quot;:&quot;fadeInUp&quot;,&quot;_animation_delay&quot;:400}\" data-widget_type=\"heading.default\">\n\t\t\t\t<div class=\"elementor-widget-container\">\n\t\t\t\t\t<h3 class=\"elementor-heading-title elementor-size-default\">Hacia donde vamos<\/h3>\t\t\t\t<\/div>\n\t\t\t\t<\/div>\n\t\t\t\t<div class=\"elementor-element elementor-element-1949a0f elementor-invisible elementor-widget elementor-widget-text-editor\" data-id=\"1949a0f\" data-element_type=\"widget\" data-settings=\"{&quot;_animation&quot;:&quot;fadeInUp&quot;,&quot;_animation_delay&quot;:600}\" data-widget_type=\"text-editor.default\">\n\t\t\t\t<div class=\"elementor-widget-container\">\n\t\t\t\t\t\t\t\t\t<p style=\"text-align: justify;\"><span style=\"font-weight: 400;\">Ser una firma tecnol\u00f3gica innovadora, exitosa, \u00e1gil y aguerrida, que dise\u00f1a propuestas innovadoras utilizando la tecnolog\u00eda para cambiar la forma de hacer las cosas.<\/span><\/p><p>\u00a0<\/p><p style=\"text-align: justify;\"><span style=\"font-weight: 400;\">Esto lo lograremos conociendo el valor humano de nuestro equipo y dise\u00f1ado estrategias que logre maximizar las inversiones de nuestros clientes.\u00a0<\/span><\/p>\t\t\t\t\t\t\t\t<\/div>\n\t\t\t\t<\/div>\n\t\t\t\t\t<\/div>\n\t\t<\/div>\n\t\t\t\t<div class=\"elementor-column elementor-col-33 elementor-inner-column elementor-element elementor-element-a75f2fe\" data-id=\"a75f2fe\" data-element_type=\"column\">\n\t\t\t<div class=\"elementor-widget-wrap\">\n\t\t\t\t\t\t\t<\/div>\n\t\t<\/div>\n\t\t\t\t<div class=\"elementor-column elementor-col-33 elementor-inner-column elementor-element elementor-element-a475b2a\" data-id=\"a475b2a\" data-element_type=\"column\">\n\t\t\t<div class=\"elementor-widget-wrap elementor-element-populated\">\n\t\t\t\t\t\t<div class=\"elementor-element elementor-element-d1563f1 move-image-left-right elementor-widget__width-initial elementor-invisible elementor-widget elementor-widget-image\" data-id=\"d1563f1\" data-element_type=\"widget\" data-settings=\"{&quot;_animation&quot;:&quot;fadeInRight&quot;,&quot;_animation_delay&quot;:300}\" data-widget_type=\"image.default\">\n\t\t\t\t<div class=\"elementor-widget-container\">\n\t\t\t\t\t\t\t\t\t\t\t\t\t\t\t<img loading=\"lazy\" decoding=\"async\" width=\"462\" height=\"308\" src=\"https:\/\/innovenit.com\/site\/wp-content\/uploads\/2021\/09\/vision2.jpg\" class=\"attachment-full size-full wp-image-46939\" alt=\"\" srcset=\"https:\/\/innovenit.com\/site\/wp-content\/uploads\/2021\/09\/vision2.jpg 462w, https:\/\/innovenit.com\/site\/wp-content\/uploads\/2021\/09\/vision2-300x200.jpg 300w\" sizes=\"(max-width: 462px) 100vw, 462px\" \/>\t\t\t\t\t\t\t\t\t\t\t\t\t\t\t<\/div>\n\t\t\t\t<\/div>\n\t\t\t\t\t<\/div>\n\t\t<\/div>\n\t\t\t\t\t<\/div>\n\t\t<\/section>\n\t\t\t\t\t<\/div>\n\t\t<\/div>\n\t\t\t\t\t<\/div>\n\t\t<\/section>\n\t\t\t\t<\/div>\n\t\t","protected":false},"excerpt":{"rendered":"<p>Nuestra compa\u00f1ia Es una organizaci\u00f3n especializada en Tecnolog\u00eda de la Informaci\u00f3n, orientada al mercado Venezolano y la regi\u00f3n Andina, con alta capacidad en el manejo de proyectos tecnol\u00f3gicos, utilizando la \u00faltima tecnolog\u00eda desarrollada. Nuestro equipo profesional est\u00e1 avalado por experiencia de m\u00e1s de 14 a\u00f1os, desarrollando su experticia en \u00e1reas fundamentales de la tecnolog\u00eda. Organizaciones [&hellip;]<\/p>\n","protected":false},"author":1,"featured_media":2984,"parent":0,"menu_order":0,"comment_status":"closed","ping_status":"closed","template":"elementor_header_footer","meta":{"_acf_changed":false,"footnotes":""},"class_list":["post-2679","page","type-page","status-publish","has-post-thumbnail","hentry"],"acf":[],"_links":{"self":[{"href":"https:\/\/innovenit.com\/site\/wp-json\/wp\/v2\/pages\/2679","targetHints":{"allow":["GET"]}}],"collection":[{"href":"https:\/\/innovenit.com\/site\/wp-json\/wp\/v2\/pages"}],"about":[{"href":"https:\/\/innovenit.com\/site\/wp-json\/wp\/v2\/types\/page"}],"author":[{"embeddable":true,"href":"https:\/\/innovenit.com\/site\/wp-json\/wp\/v2\/users\/1"}],"replies":[{"embeddable":true,"href":"https:\/\/innovenit.com\/site\/wp-json\/wp\/v2\/comments?post=2679"}],"version-history":[{"count":153,"href":"https:\/\/innovenit.com\/site\/wp-json\/wp\/v2\/pages\/2679\/revisions"}],"predecessor-version":[{"id":48279,"href":"https:\/\/innovenit.com\/site\/wp-json\/wp\/v2\/pages\/2679\/revisions\/48279"}],"wp:featuredmedia":[{"embeddable":true,"href":"https:\/\/innovenit.com\/site\/wp-json\/wp\/v2\/media\/2984"}],"wp:attachment":[{"href":"https:\/\/innovenit.com\/site\/wp-json\/wp\/v2\/media?parent=2679"}],"curies":[{"name":"wp","href":"https:\/\/api.w.org\/{rel}","templated":true}]}}